{"id":441,"date":"2021-07-19T11:32:34","date_gmt":"2021-07-19T11:32:34","guid":{"rendered":"https:\/\/www.paper.ro\/?page_id=441"},"modified":"2022-03-02T13:21:28","modified_gmt":"2022-03-02T13:21:28","slug":"despre-noi","status":"publish","type":"page","link":"https:\/\/www.paper.ro\/en\/despre-noi\/","title":{"rendered":"About us"},"content":{"rendered":"<div data-elementor-type=\"wp-page\" data-elementor-id=\"441\" class=\"elementor elementor-441\">\n\t\t\t\t\t\t<section class=\"elementor-section elementor-top-section elementor-element elementor-element-a712cd7 elementor-section-full_width elementor-section-height-min-height elementor-section-content-middle elementor-section-height-default elementor-section-items-middle\" data-id=\"a712cd7\" data-element_type=\"section\" data-settings=\"{&quot;background_background&quot;:&quot;classic&quot;}\">\n\t\t\t\t\t\t<div class=\"elementor-container elementor-column-gap-no\">\n\t\t\t\t\t<div class=\"elementor-column elementor-col-100 elementor-top-column elementor-element elementor-element-3feafc4\" data-id=\"3feafc4\" data-element_type=\"column\">\n\t\t\t<div class=\"elementor-widget-wrap\">\n\t\t\t\t\t\t\t<\/div>\n\t\t<\/div>\n\t\t\t\t\t<\/div>\n\t\t<\/section>\n\t\t\t\t<section class=\"elementor-section elementor-top-section elementor-element elementor-element-b6b919f elementor-section-boxed elementor-section-height-default elementor-section-height-default\" data-id=\"b6b919f\" data-element_type=\"section\">\n\t\t\t\t\t\t<div class=\"elementor-container elementor-column-gap-default\">\n\t\t\t\t\t<div class=\"elementor-column elementor-col-50 elementor-top-column elementor-element elementor-element-bb07f3b\" data-id=\"bb07f3b\" data-element_type=\"column\">\n\t\t\t<div class=\"elementor-widget-wrap elementor-element-populated\">\n\t\t\t\t\t\t<div class=\"elementor-element elementor-element-069c0cf elementor-widget elementor-widget-heading\" data-id=\"069c0cf\" data-element_type=\"widget\" data-widget_type=\"heading.default\">\n\t\t\t\t<div class=\"elementor-widget-container\">\n\t\t\t<h2 class=\"elementor-heading-title elementor-size-default\">Rom Paper is in Romania since <strong>2002<\/strong><\/h2>\t\t<\/div>\n\t\t\t\t<\/div>\n\t\t\t\t<div class=\"elementor-element elementor-element-521bcea elementor-widget elementor-widget-text-editor\" data-id=\"521bcea\" data-element_type=\"widget\" data-widget_type=\"text-editor.default\">\n\t\t\t\t<div class=\"elementor-widget-container\">\n\t\t\t\t\t\t\t<p><span style=\"font-weight: 400;\">Beginning in 2002, since its first appearance on the market, Rom Paper has annually consolidated its top position among the main producers of hygienic and sanitary paper in Romania. Starting with 2016, Vrancart Group started the acquisition process of Rom Paper, becoming at the end of 2017 the sole shareholder. This step led to the transformation of the company into the player on the market with one of the largest production capacities for folded products in Romania, the high quality of the products being officially recognized not only by the partners, but also by the regulatory authorities in the field, through the various certifications conferred.<\/span><\/p><p><span style=\"font-weight: 400;\">The 100% Romanian products supplied by Rom Paper are a reliable ally for both the household, industrial, beauty and HoReCa areas. Whether we are talking about our own brands \u2013 Mototol and Papely \u2013 or the private label area made available to retail partners, Rom Paper products are known both on the national market and externally. Table napkins, folded towels, toilet paper, professional rolls, hairdresser towels or boxed napkins are just some of the products that come out the gates of the two Rom Paper factories in Romania, completely modernized and brought to high standards of hygiene, performance and safety \u2013 Brasov and Adjud<\/span><\/p>\t\t\t\t\t\t<\/div>\n\t\t\t\t<\/div>\n\t\t\t\t\t<\/div>\n\t\t<\/div>\n\t\t\t\t<div class=\"elementor-column elementor-col-50 elementor-top-column elementor-element elementor-element-c688f40\" data-id=\"c688f40\" data-element_type=\"column\">\n\t\t\t<div class=\"elementor-widget-wrap elementor-element-populated\">\n\t\t\t\t\t\t<div class=\"elementor-element elementor-element-d37c9c2 elementor-widget elementor-widget-image\" data-id=\"d37c9c2\" data-element_type=\"widget\" data-widget_type=\"image.default\">\n\t\t\t\t<div class=\"elementor-widget-container\">\n\t\t\t\t\t\t\t\t\t\t\t\t\t<img fetchpriority=\"high\" decoding=\"async\" width=\"533\" height=\"800\" src=\"https:\/\/www.paper.ro\/wp-content\/uploads\/2021\/08\/rompaper-romania-fabrica-9.jpg\" class=\"attachment-large size-large wp-image-1099\" alt=\"\" srcset=\"https:\/\/www.paper.ro\/wp-content\/uploads\/2021\/08\/rompaper-romania-fabrica-9.jpg 533w, https:\/\/www.paper.ro\/wp-content\/uploads\/2021\/08\/rompaper-romania-fabrica-9-200x300.jpg 200w\" sizes=\"(max-width: 533px) 100vw, 533px\" \/>\t\t\t\t\t\t\t\t\t\t\t\t\t<\/div>\n\t\t\t\t<\/div>\n\t\t\t\t\t<\/div>\n\t\t<\/div>\n\t\t\t\t\t<\/div>\n\t\t<\/section>\n\t\t\t\t<section class=\"elementor-section elementor-top-section elementor-element elementor-element-bde379e elementor-section-full_width elementor-section-height-default elementor-section-height-default\" data-id=\"bde379e\" data-element_type=\"section\">\n\t\t\t\t\t\t<div class=\"elementor-container elementor-column-gap-no\">\n\t\t\t\t\t<div class=\"elementor-column elementor-col-100 elementor-top-column elementor-element elementor-element-3a1fd06\" data-id=\"3a1fd06\" data-element_type=\"column\">\n\t\t\t<div class=\"elementor-widget-wrap elementor-element-populated\">\n\t\t\t\t\t\t<div class=\"elementor-element elementor-element-72ccd82 elementor-widget elementor-widget-image\" data-id=\"72ccd82\" data-element_type=\"widget\" data-widget_type=\"image.default\">\n\t\t\t\t<div class=\"elementor-widget-container\">\n\t\t\t\t\t\t\t\t\t\t\t\t\t<img decoding=\"async\" width=\"2048\" height=\"711\" src=\"https:\/\/www.paper.ro\/wp-content\/uploads\/2021\/10\/rompaper-romania-despre-noi7.jpg\" class=\"attachment-full size-full wp-image-1885\" alt=\"\" srcset=\"https:\/\/www.paper.ro\/wp-content\/uploads\/2021\/10\/rompaper-romania-despre-noi7.jpg 2048w, https:\/\/www.paper.ro\/wp-content\/uploads\/2021\/10\/rompaper-romania-despre-noi7-300x104.jpg 300w, https:\/\/www.paper.ro\/wp-content\/uploads\/2021\/10\/rompaper-romania-despre-noi7-1024x356.jpg 1024w, https:\/\/www.paper.ro\/wp-content\/uploads\/2021\/10\/rompaper-romania-despre-noi7-768x267.jpg 768w, https:\/\/www.paper.ro\/wp-content\/uploads\/2021\/10\/rompaper-romania-despre-noi7-1536x533.jpg 1536w, https:\/\/www.paper.ro\/wp-content\/uploads\/2021\/10\/rompaper-romania-despre-noi7-600x208.jpg 600w\" sizes=\"(max-width: 2048px) 100vw, 2048px\" \/>\t\t\t\t\t\t\t\t\t\t\t\t\t<\/div>\n\t\t\t\t<\/div>\n\t\t\t\t\t<\/div>\n\t\t<\/div>\n\t\t\t\t\t<\/div>\n\t\t<\/section>\n\t\t\t\t<section class=\"elementor-section elementor-top-section elementor-element elementor-element-bd54dbb elementor-section-boxed elementor-section-height-default elementor-section-height-default\" data-id=\"bd54dbb\" data-element_type=\"section\">\n\t\t\t\t\t\t<div class=\"elementor-container elementor-column-gap-default\">\n\t\t\t\t\t<div class=\"elementor-column elementor-col-50 elementor-top-column elementor-element elementor-element-8af1f5b\" data-id=\"8af1f5b\" data-element_type=\"column\">\n\t\t\t<div class=\"elementor-widget-wrap elementor-element-populated\">\n\t\t\t\t\t\t<div class=\"elementor-element elementor-element-81b2965 elementor-widget elementor-widget-image\" data-id=\"81b2965\" data-element_type=\"widget\" data-widget_type=\"image.default\">\n\t\t\t\t<div class=\"elementor-widget-container\">\n\t\t\t\t\t\t\t\t\t\t\t\t\t<img decoding=\"async\" width=\"800\" height=\"533\" src=\"https:\/\/www.paper.ro\/wp-content\/uploads\/2021\/07\/rompaper-romania-despre-noi1.jpg\" class=\"attachment-large size-large wp-image-503\" alt=\"\" srcset=\"https:\/\/www.paper.ro\/wp-content\/uploads\/2021\/07\/rompaper-romania-despre-noi1.jpg 800w, https:\/\/www.paper.ro\/wp-content\/uploads\/2021\/07\/rompaper-romania-despre-noi1-600x400.jpg 600w, https:\/\/www.paper.ro\/wp-content\/uploads\/2021\/07\/rompaper-romania-despre-noi1-300x200.jpg 300w, https:\/\/www.paper.ro\/wp-content\/uploads\/2021\/07\/rompaper-romania-despre-noi1-768x512.jpg 768w\" sizes=\"(max-width: 800px) 100vw, 800px\" \/>\t\t\t\t\t\t\t\t\t\t\t\t\t<\/div>\n\t\t\t\t<\/div>\n\t\t\t\t\t<\/div>\n\t\t<\/div>\n\t\t\t\t<div class=\"elementor-column elementor-col-50 elementor-top-column elementor-element elementor-element-5c50b66\" data-id=\"5c50b66\" data-element_type=\"column\">\n\t\t\t<div class=\"elementor-widget-wrap elementor-element-populated\">\n\t\t\t\t\t\t<div class=\"elementor-element elementor-element-89ae8de elementor-widget elementor-widget-text-editor\" data-id=\"89ae8de\" data-element_type=\"widget\" data-widget_type=\"text-editor.default\">\n\t\t\t\t<div class=\"elementor-widget-container\">\n\t\t\t\t\t\t\t<p>Vrancart Group, the owner of Rom Paper, is one of the main players on both the corrugated board and corrugated paper market in Romania.<\/p><p>Vrancart Group is a listed company on the Bucharest Stock Exchange (BSE), being among the top recyclers of waste based on cellulosic fibers at national level.<\/p><p>It is also the only integrated unit in the industry that has adopted a production and consumption model that involves sharing, reusing, repairing, renovating and recycling existing materials and products as much as possible (wood, foil, cardboard, paper).<\/p>\t\t\t\t\t\t<\/div>\n\t\t\t\t<\/div>\n\t\t\t\t\t<\/div>\n\t\t<\/div>\n\t\t\t\t\t<\/div>\n\t\t<\/section>\n\t\t\t\t<section class=\"elementor-section elementor-top-section elementor-element elementor-element-83f6dd4 elementor-section-boxed elementor-section-height-default elementor-section-height-default\" data-id=\"83f6dd4\" data-element_type=\"section\">\n\t\t\t\t\t\t<div class=\"elementor-container elementor-column-gap-default\">\n\t\t\t\t\t<div class=\"elementor-column elementor-col-50 elementor-top-column elementor-element elementor-element-b535fac\" data-id=\"b535fac\" data-element_type=\"column\">\n\t\t\t<div class=\"elementor-widget-wrap elementor-element-populated\">\n\t\t\t\t\t\t<div class=\"elementor-element elementor-element-83c4ee4 elementor-widget elementor-widget-text-editor\" data-id=\"83c4ee4\" data-element_type=\"widget\" data-widget_type=\"text-editor.default\">\n\t\t\t\t<div class=\"elementor-widget-container\">\n\t\t\t\t\t\t\t<p><span style=\"font-weight: 400;\">Do you want to get to know us better? Look for us in the big stores, at the local distributors or contact us directly, for personalized offers, applied for your business and needs.<\/span><\/p>\t\t\t\t\t\t<\/div>\n\t\t\t\t<\/div>\n\t\t\t\t\t<\/div>\n\t\t<\/div>\n\t\t\t\t<div class=\"elementor-column elementor-col-50 elementor-top-column elementor-element elementor-element-87e35d9\" data-id=\"87e35d9\" data-element_type=\"column\">\n\t\t\t<div class=\"elementor-widget-wrap elementor-element-populated\">\n\t\t\t\t\t\t<div class=\"elementor-element elementor-element-d4d6e24 elementor-align-justify elementor-widget elementor-widget-button\" data-id=\"d4d6e24\" data-element_type=\"widget\" data-widget_type=\"button.default\">\n\t\t\t\t<div class=\"elementor-widget-container\">\n\t\t\t\t\t<div class=\"elementor-button-wrapper\">\n\t\t\t<a class=\"elementor-button elementor-button-link elementor-size-md elementor-animation-grow\" href=\"https:\/\/www.paper.ro\/en\/contact\/\">\n\t\t\t\t\t\t<span class=\"elementor-button-content-wrapper\">\n\t\t\t\t\t\t<span class=\"elementor-button-text\">Contact us<\/span>\n\t\t<\/span>\n\t\t\t\t\t<\/a>\n\t\t<\/div>\n\t\t\t\t<\/div>\n\t\t\t\t<\/div>\n\t\t\t\t<div class=\"elementor-element elementor-element-a2c6cd1 elementor-align-justify elementor-widget elementor-widget-button\" data-id=\"a2c6cd1\" data-element_type=\"widget\" data-widget_type=\"button.default\">\n\t\t\t\t<div class=\"elementor-widget-container\">\n\t\t\t\t\t<div class=\"elementor-button-wrapper\">\n\t\t\t<a class=\"elementor-button elementor-button-link elementor-size-md elementor-animation-grow\" href=\"https:\/\/www.paper.ro\/en\/galerie-foto\/\" target=\"_blank\">\n\t\t\t\t\t\t<span class=\"elementor-button-content-wrapper\">\n\t\t\t\t\t\t<span class=\"elementor-button-text\">View media<\/span>\n\t\t<\/span>\n\t\t\t\t\t<\/a>\n\t\t<\/div>\n\t\t\t\t<\/div>\n\t\t\t\t<\/div>\n\t\t\t\t\t<\/div>\n\t\t<\/div>\n\t\t\t\t\t<\/div>\n\t\t<\/section>\n\t\t\t\t<\/div>","protected":false},"excerpt":{"rendered":"<p>Rom Paper este \u00een Rom\u00e2nia din 2002 \u00cenc\u0103 din 2002, de la apari\u021bia sa pe pia\u021b\u0103, Rom Paper \u0219i-a consolidat anual pozi\u021bia de top \u00een randul principalilor produc\u0103tori de h\u00e2rtie igienico-sanitar\u0103 din Rom\u00e2nia. \u00cencep\u00e2nd cu anul 2016, grupul Vrancart a demarat procesul de achizi\u021bie al Rom Paper, devenind la sf\u00e2r\u0219itul anului 2017 unicul ac\u021bionar. Acest [&hellip;]<\/p>","protected":false},"author":1,"featured_media":0,"parent":0,"menu_order":0,"comment_status":"closed","ping_status":"closed","template":"","meta":{"footnotes":""},"class_list":["post-441","page","type-page","status-publish","hentry"],"_links":{"self":[{"href":"https:\/\/www.paper.ro\/en\/wp-json\/wp\/v2\/pages\/441","targetHints":{"allow":["GET"]}}],"collection":[{"href":"https:\/\/www.paper.ro\/en\/wp-json\/wp\/v2\/pages"}],"about":[{"href":"https:\/\/www.paper.ro\/en\/wp-json\/wp\/v2\/types\/page"}],"author":[{"embeddable":true,"href":"https:\/\/www.paper.ro\/en\/wp-json\/wp\/v2\/users\/1"}],"replies":[{"embeddable":true,"href":"https:\/\/www.paper.ro\/en\/wp-json\/wp\/v2\/comments?post=441"}],"version-history":[{"count":139,"href":"https:\/\/www.paper.ro\/en\/wp-json\/wp\/v2\/pages\/441\/revisions"}],"predecessor-version":[{"id":2113,"href":"https:\/\/www.paper.ro\/en\/wp-json\/wp\/v2\/pages\/441\/revisions\/2113"}],"wp:attachment":[{"href":"https:\/\/www.paper.ro\/en\/wp-json\/wp\/v2\/media?parent=441"}],"curies":[{"name":"wp","href":"https:\/\/api.w.org\/{rel}","templated":true}]}}