{"id":747,"date":"2021-07-22T05:33:50","date_gmt":"2021-07-22T05:33:50","guid":{"rendered":"https:\/\/www.paper.ro\/?page_id=747"},"modified":"2021-10-29T11:15:18","modified_gmt":"2021-10-29T11:15:18","slug":"sustenabilitate","status":"publish","type":"page","link":"https:\/\/www.paper.ro\/en\/sustenabilitate\/","title":{"rendered":"Sustainability"},"content":{"rendered":"<div data-elementor-type=\"wp-page\" data-elementor-id=\"747\" class=\"elementor elementor-747\">\n\t\t\t\t\t\t<section class=\"elementor-section elementor-top-section elementor-element elementor-element-7eea564 elementor-section-full_width elementor-section-height-min-height elementor-section-items-top elementor-section-height-default\" data-id=\"7eea564\" data-element_type=\"section\" data-settings=\"{&quot;background_background&quot;:&quot;classic&quot;}\">\n\t\t\t\t\t\t<div class=\"elementor-container elementor-column-gap-no\">\n\t\t\t\t\t<div class=\"elementor-column elementor-col-100 elementor-top-column elementor-element elementor-element-289e089\" data-id=\"289e089\" data-element_type=\"column\">\n\t\t\t<div class=\"elementor-widget-wrap elementor-element-populated\">\n\t\t\t\t\t\t<div class=\"elementor-element elementor-element-7a7dbd1 elementor-widget elementor-widget-spacer\" data-id=\"7a7dbd1\" data-element_type=\"widget\" data-widget_type=\"spacer.default\">\n\t\t\t\t<div class=\"elementor-widget-container\">\n\t\t\t\t\t<div class=\"elementor-spacer\">\n\t\t\t<div class=\"elementor-spacer-inner\"><\/div>\n\t\t<\/div>\n\t\t\t\t<\/div>\n\t\t\t\t<\/div>\n\t\t\t\t<section class=\"elementor-section elementor-inner-section elementor-element elementor-element-3256e3d elementor-section-boxed elementor-section-height-default elementor-section-height-default\" data-id=\"3256e3d\" data-element_type=\"section\">\n\t\t\t\t\t\t<div class=\"elementor-container elementor-column-gap-default\">\n\t\t\t\t\t<div class=\"elementor-column elementor-col-50 elementor-inner-column elementor-element elementor-element-e095dc4\" data-id=\"e095dc4\" data-element_type=\"column\" data-settings=\"{&quot;background_background&quot;:&quot;classic&quot;}\">\n\t\t\t<div class=\"elementor-widget-wrap elementor-element-populated\">\n\t\t\t\t\t\t<div class=\"elementor-element elementor-element-c610117 elementor-widget elementor-widget-heading\" data-id=\"c610117\" data-element_type=\"widget\" data-widget_type=\"heading.default\">\n\t\t\t\t<div class=\"elementor-widget-container\">\n\t\t\t<h2 class=\"elementor-heading-title elementor-size-default\"><strong>WE LOVE<\/strong> NATURE AND ENVIRONMENT<\/h2>\t\t<\/div>\n\t\t\t\t<\/div>\n\t\t\t\t\t<\/div>\n\t\t<\/div>\n\t\t\t\t<div class=\"elementor-column elementor-col-50 elementor-inner-column elementor-element elementor-element-8238717\" data-id=\"8238717\" data-element_type=\"column\">\n\t\t\t<div class=\"elementor-widget-wrap\">\n\t\t\t\t\t\t\t<\/div>\n\t\t<\/div>\n\t\t\t\t\t<\/div>\n\t\t<\/section>\n\t\t\t\t\t<\/div>\n\t\t<\/div>\n\t\t\t\t\t<\/div>\n\t\t<\/section>\n\t\t\t\t<section class=\"elementor-section elementor-top-section elementor-element elementor-element-34806f3 elementor-section-boxed elementor-section-height-default elementor-section-height-default\" data-id=\"34806f3\" data-element_type=\"section\">\n\t\t\t\t\t\t<div class=\"elementor-container elementor-column-gap-default\">\n\t\t\t\t\t<div class=\"elementor-column elementor-col-50 elementor-top-column elementor-element elementor-element-871f149\" data-id=\"871f149\" data-element_type=\"column\">\n\t\t\t<div class=\"elementor-widget-wrap elementor-element-populated\">\n\t\t\t\t\t\t<div class=\"elementor-element elementor-element-18c8fa9 elementor-widget elementor-widget-heading\" data-id=\"18c8fa9\" data-element_type=\"widget\" data-widget_type=\"heading.default\">\n\t\t\t\t<div class=\"elementor-widget-container\">\n\t\t\t<h2 class=\"elementor-heading-title elementor-size-default\">We love the environment and we know how important it is to protect it.<\/h2>\t\t<\/div>\n\t\t\t\t<\/div>\n\t\t\t\t<div class=\"elementor-element elementor-element-0bb4aef elementor-widget elementor-widget-text-editor\" data-id=\"0bb4aef\" data-element_type=\"widget\" data-widget_type=\"text-editor.default\">\n\t\t\t\t<div class=\"elementor-widget-container\">\n\t\t\t\t\t\t\t<p><span style=\"font-weight: 400;\">Because by taking care of it, we take care of ourselves. That is why, together with Vrancart, we are extremely attentive to the sources from which the raw material used in our factories comes from, which are constantly controlled.<\/span><\/p><p><span style=\"font-weight: 400;\">In fact, Vrancart Group also owns in its portfolio one of the largest networks of reusable materials collection centers in Romania. Thus, the packaging boxes and some of our products are made of recycled paper.<\/span><\/p>\t\t\t\t\t\t<\/div>\n\t\t\t\t<\/div>\n\t\t\t\t\t<\/div>\n\t\t<\/div>\n\t\t\t\t<div class=\"elementor-column elementor-col-50 elementor-top-column elementor-element elementor-element-298b190\" data-id=\"298b190\" data-element_type=\"column\">\n\t\t\t<div class=\"elementor-widget-wrap elementor-element-populated\">\n\t\t\t\t\t\t<div class=\"elementor-element elementor-element-2f51b78 elementor-widget elementor-widget-image\" data-id=\"2f51b78\" data-element_type=\"widget\" data-widget_type=\"image.default\">\n\t\t\t\t<div class=\"elementor-widget-container\">\n\t\t\t\t\t\t\t\t\t\t\t\t\t<img fetchpriority=\"high\" decoding=\"async\" width=\"800\" height=\"530\" src=\"https:\/\/www.paper.ro\/wp-content\/uploads\/2021\/10\/rompaper-romania-sustenabilitate3.jpg\" class=\"attachment-large size-large wp-image-1373\" alt=\"\" srcset=\"https:\/\/www.paper.ro\/wp-content\/uploads\/2021\/10\/rompaper-romania-sustenabilitate3.jpg 1000w, https:\/\/www.paper.ro\/wp-content\/uploads\/2021\/10\/rompaper-romania-sustenabilitate3-600x397.jpg 600w, https:\/\/www.paper.ro\/wp-content\/uploads\/2021\/10\/rompaper-romania-sustenabilitate3-300x199.jpg 300w, https:\/\/www.paper.ro\/wp-content\/uploads\/2021\/10\/rompaper-romania-sustenabilitate3-768x508.jpg 768w\" sizes=\"(max-width: 800px) 100vw, 800px\" \/>\t\t\t\t\t\t\t\t\t\t\t\t\t<\/div>\n\t\t\t\t<\/div>\n\t\t\t\t\t<\/div>\n\t\t<\/div>\n\t\t\t\t\t<\/div>\n\t\t<\/section>\n\t\t\t\t<section class=\"elementor-section elementor-top-section elementor-element elementor-element-2fef6f1 elementor-reverse-mobile elementor-section-boxed elementor-section-height-default elementor-section-height-default\" data-id=\"2fef6f1\" data-element_type=\"section\">\n\t\t\t\t\t\t<div class=\"elementor-container elementor-column-gap-default\">\n\t\t\t\t\t<div class=\"elementor-column elementor-col-100 elementor-top-column elementor-element elementor-element-fc6fb8d\" data-id=\"fc6fb8d\" data-element_type=\"column\">\n\t\t\t<div class=\"elementor-widget-wrap elementor-element-populated\">\n\t\t\t\t\t\t<div class=\"elementor-element elementor-element-8cee880 elementor-widget elementor-widget-heading\" data-id=\"8cee880\" data-element_type=\"widget\" data-widget_type=\"heading.default\">\n\t\t\t\t<div class=\"elementor-widget-container\">\n\t\t\t<h2 class=\"elementor-heading-title elementor-size-default\">Reducing our carbon footprint<\/h2>\t\t<\/div>\n\t\t\t\t<\/div>\n\t\t\t\t<div class=\"elementor-element elementor-element-0234d67 elementor-widget elementor-widget-text-editor\" data-id=\"0234d67\" data-element_type=\"widget\" data-widget_type=\"text-editor.default\">\n\t\t\t\t<div class=\"elementor-widget-container\">\n\t\t\t\t\t\t\t<p><span style=\"font-weight: 400;\">Through the investments made in the modernization of the two factories, we reduce the carbon footprint, the machines used in the production process being new, modern and performant.<\/span><\/p><p><span style=\"font-weight: 400;\">Moreover, Rom Paper is in permanent contact with the County School Inspectorate and, through collaboration with it, organizes annually internships in the Quality Control field.<\/span><\/p>\t\t\t\t\t\t<\/div>\n\t\t\t\t<\/div>\n\t\t\t\t<div class=\"elementor-element elementor-element-5696699 elementor-widget elementor-widget-spacer\" data-id=\"5696699\" data-element_type=\"widget\" data-widget_type=\"spacer.default\">\n\t\t\t\t<div class=\"elementor-widget-container\">\n\t\t\t\t\t<div class=\"elementor-spacer\">\n\t\t\t<div class=\"elementor-spacer-inner\"><\/div>\n\t\t<\/div>\n\t\t\t\t<\/div>\n\t\t\t\t<\/div>\n\t\t\t\t\t<\/div>\n\t\t<\/div>\n\t\t\t\t\t<\/div>\n\t\t<\/section>\n\t\t\t\t<section class=\"elementor-section elementor-top-section elementor-element elementor-element-4ce0886 elementor-section-full_width elementor-section-height-default elementor-section-height-default\" data-id=\"4ce0886\" data-element_type=\"section\">\n\t\t\t\t\t\t<div class=\"elementor-container elementor-column-gap-no\">\n\t\t\t\t\t<div class=\"elementor-column elementor-col-100 elementor-top-column elementor-element elementor-element-5fe4158\" data-id=\"5fe4158\" data-element_type=\"column\">\n\t\t\t<div class=\"elementor-widget-wrap elementor-element-populated\">\n\t\t\t\t\t\t<div class=\"elementor-element elementor-element-566ce4d elementor-widget elementor-widget-image\" data-id=\"566ce4d\" data-element_type=\"widget\" data-widget_type=\"image.default\">\n\t\t\t\t<div class=\"elementor-widget-container\">\n\t\t\t\t\t\t\t\t\t\t\t\t\t<img decoding=\"async\" width=\"1980\" height=\"1091\" src=\"https:\/\/www.paper.ro\/wp-content\/uploads\/2021\/07\/rompaper-romania-sustenabilitate2.jpg\" class=\"attachment-full size-full wp-image-896\" alt=\"\" srcset=\"https:\/\/www.paper.ro\/wp-content\/uploads\/2021\/07\/rompaper-romania-sustenabilitate2.jpg 1980w, https:\/\/www.paper.ro\/wp-content\/uploads\/2021\/07\/rompaper-romania-sustenabilitate2-600x331.jpg 600w, https:\/\/www.paper.ro\/wp-content\/uploads\/2021\/07\/rompaper-romania-sustenabilitate2-300x165.jpg 300w, https:\/\/www.paper.ro\/wp-content\/uploads\/2021\/07\/rompaper-romania-sustenabilitate2-1024x564.jpg 1024w, https:\/\/www.paper.ro\/wp-content\/uploads\/2021\/07\/rompaper-romania-sustenabilitate2-768x423.jpg 768w, https:\/\/www.paper.ro\/wp-content\/uploads\/2021\/07\/rompaper-romania-sustenabilitate2-1536x846.jpg 1536w\" sizes=\"(max-width: 1980px) 100vw, 1980px\" \/>\t\t\t\t\t\t\t\t\t\t\t\t\t<\/div>\n\t\t\t\t<\/div>\n\t\t\t\t\t<\/div>\n\t\t<\/div>\n\t\t\t\t\t<\/div>\n\t\t<\/section>\n\t\t\t\t<\/div>","protected":false},"excerpt":{"rendered":"<p>IUBIM NATURA \u0218I MEDIUL Iubim mediul \u00eenconjur\u0103tor \u0219i \u0219tim c\u00e2t este de important s\u0103 \u00eel protej\u0103m. Pentru c\u0103 av\u00e2nd grij\u0103 de el, avem grij\u0103 de noi. De aceea, \u00eempreun\u0103 cu Vrancart, suntem extrem de aten\u021bi la sursele din care provine materia prim\u0103 folosit\u0103 \u00een fabricile noastre, acestea fiind \u00een permanen\u021b\u0103 controlate. Dealtfel, grupul Vrancart de\u021bine [&hellip;]<\/p>","protected":false},"author":1,"featured_media":0,"parent":0,"menu_order":0,"comment_status":"closed","ping_status":"closed","template":"","meta":{"footnotes":""},"class_list":["post-747","page","type-page","status-publish","hentry"],"_links":{"self":[{"href":"https:\/\/www.paper.ro\/en\/wp-json\/wp\/v2\/pages\/747","targetHints":{"allow":["GET"]}}],"collection":[{"href":"https:\/\/www.paper.ro\/en\/wp-json\/wp\/v2\/pages"}],"about":[{"href":"https:\/\/www.paper.ro\/en\/wp-json\/wp\/v2\/types\/page"}],"author":[{"embeddable":true,"href":"https:\/\/www.paper.ro\/en\/wp-json\/wp\/v2\/users\/1"}],"replies":[{"embeddable":true,"href":"https:\/\/www.paper.ro\/en\/wp-json\/wp\/v2\/comments?post=747"}],"version-history":[{"count":85,"href":"https:\/\/www.paper.ro\/en\/wp-json\/wp\/v2\/pages\/747\/revisions"}],"predecessor-version":[{"id":1804,"href":"https:\/\/www.paper.ro\/en\/wp-json\/wp\/v2\/pages\/747\/revisions\/1804"}],"wp:attachment":[{"href":"https:\/\/www.paper.ro\/en\/wp-json\/wp\/v2\/media?parent=747"}],"curies":[{"name":"wp","href":"https:\/\/api.w.org\/{rel}","templated":true}]}}